{"id":66,"date":"2023-07-03T11:31:06","date_gmt":"2023-07-03T11:31:06","guid":{"rendered":"https:\/\/meble-ekspert.com\/?page_id=66"},"modified":"2023-09-22T08:15:59","modified_gmt":"2023-09-22T08:15:59","slug":"oferta","status":"publish","type":"page","link":"https:\/\/meble-ekspert.com\/index.php\/oferta\/","title":{"rendered":"Oferta"},"content":{"rendered":"\n<p>Nasza firma w ofercie posiada:<\/p>\n\n\n\n<ul>\n<li>meble kuchenne,<\/li>\n\n\n\n<li>meble \u0142azienkowe,<\/li>\n\n\n\n<li>garderoby,<\/li>\n\n\n\n<li>sypialnie,<\/li>\n\n\n\n<li>meble u\u017cytkowe,<\/li>\n\n\n\n<li>meble biurowe,<\/li>\n\n\n\n<li>projekty 3D<\/li>\n\n\n\n<li>monta\u017c<br><\/li>\n<\/ul>\n\n\n\n<p>Us\u0142ugi dla firm<\/p>\n\n\n\n<ul>\n<li>rozkr\u00f3j<\/li>\n\n\n\n<li>okienowanie<\/li>\n\n\n\n<li>wiercenie <\/li>\n\n\n\n<li>przygotowanie formatek<\/li>\n<\/ul>\n\n\n\n<p>i wiele innych dopasowanych do potrzeb klient\u00f3w.<br>Podejmiemy si\u0119 ka\u017cdego wyzwania!<\/p>\n\n\n\n<h2 class=\"wp-block-heading\">Masz pytania? Chcesz wiedzie\u0107 wi\u0119cej? Skontaktuj si\u0119 z nami!<\/h2>\n","protected":false},"excerpt":{"rendered":"<p>Nasza firma w ofercie posiada: Us\u0142ugi dla firm i wiele innych dopasowanych do potrzeb klient\u00f3w.Podejmiemy si\u0119 ka\u017cdego wyzwania! Masz pytania? Chcesz wiedzie\u0107 wi\u0119cej? Skontaktuj si\u0119 z nami!<\/p>\n","protected":false},"author":1,"featured_media":0,"parent":0,"menu_order":0,"comment_status":"closed","ping_status":"closed","template":"","meta":{"footnotes":""},"acf":[],"_links":{"self":[{"href":"https:\/\/meble-ekspert.com\/index.php\/wp-json\/wp\/v2\/pages\/66"}],"collection":[{"href":"https:\/\/meble-ekspert.com\/index.php\/wp-json\/wp\/v2\/pages"}],"about":[{"href":"https:\/\/meble-ekspert.com\/index.php\/wp-json\/wp\/v2\/types\/page"}],"author":[{"embeddable":true,"href":"https:\/\/meble-ekspert.com\/index.php\/wp-json\/wp\/v2\/users\/1"}],"replies":[{"embeddable":true,"href":"https:\/\/meble-ekspert.com\/index.php\/wp-json\/wp\/v2\/comments?post=66"}],"version-history":[{"count":3,"href":"https:\/\/meble-ekspert.com\/index.php\/wp-json\/wp\/v2\/pages\/66\/revisions"}],"predecessor-version":[{"id":305,"href":"https:\/\/meble-ekspert.com\/index.php\/wp-json\/wp\/v2\/pages\/66\/revisions\/305"}],"wp:attachment":[{"href":"https:\/\/meble-ekspert.com\/index.php\/wp-json\/wp\/v2\/media?parent=66"}],"curies":[{"name":"wp","href":"https:\/\/api.w.org\/{rel}","templated":true}]}}